{"id":907,"date":"2020-12-09T09:54:15","date_gmt":"2020-12-09T09:54:15","guid":{"rendered":"https:\/\/startertemplatecloud.com\/e08\/?page_id=12"},"modified":"2024-04-10T22:27:09","modified_gmt":"2024-04-10T20:27:09","slug":"about-us","status":"publish","type":"page","link":"https:\/\/rynek13bistro.pl\/?page_id=907","title":{"rendered":"O nas"},"content":{"rendered":"\t\t<div data-elementor-type=\"wp-page\" data-elementor-id=\"907\" class=\"elementor elementor-907\">\n\t\t\t\t\t\t\t\t\t<section class=\"elementor-section elementor-top-section elementor-element elementor-element-f2b968d elementor-section-content-middle elementor-section-boxed elementor-section-height-default elementor-section-height-default\" data-id=\"f2b968d\" data-element_type=\"section\">\n\t\t\t\t\t\t<div class=\"elementor-container elementor-column-gap-default\">\n\t\t\t\t\t<div class=\"elementor-column elementor-col-50 elementor-top-column elementor-element elementor-element-5544ac7\" data-id=\"5544ac7\" data-element_type=\"column\">\n\t\t\t<div class=\"elementor-widget-wrap elementor-element-populated\">\n\t\t\t\t\t\t\t\t<section class=\"elementor-section elementor-inner-section elementor-element elementor-element-8dca814 elementor-section-boxed elementor-section-height-default elementor-section-height-default\" data-id=\"8dca814\" data-element_type=\"section\">\n\t\t\t\t\t\t<div class=\"elementor-container elementor-column-gap-default\">\n\t\t\t\t\t<div class=\"elementor-column elementor-col-50 elementor-inner-column elementor-element elementor-element-68452ea\" data-id=\"68452ea\" data-element_type=\"column\">\n\t\t\t<div class=\"elementor-widget-wrap elementor-element-populated\">\n\t\t\t\t\t\t\t\t<div class=\"elementor-element elementor-element-340c76b elementor-widget__width-initial elementor-widget elementor-widget-image\" data-id=\"340c76b\" data-element_type=\"widget\" data-widget_type=\"image.default\">\n\t\t\t\t<div class=\"elementor-widget-container\">\n\t\t\t<style>\/*! elementor - v3.15.0 - 20-08-2023 *\/\n.elementor-widget-image{text-align:center}.elementor-widget-image a{display:inline-block}.elementor-widget-image a img[src$=\".svg\"]{width:48px}.elementor-widget-image img{vertical-align:middle;display:inline-block}<\/style>\t\t\t\t\t\t\t\t\t\t\t\t<img loading=\"lazy\" decoding=\"async\" width=\"682\" height=\"1024\" src=\"https:\/\/rynek13bistro.pl\/wp-content\/uploads\/2024\/04\/DSC00105-682x1024.jpg\" class=\"attachment-large size-large wp-image-1519\" alt=\"\" srcset=\"https:\/\/rynek13bistro.pl\/wp-content\/uploads\/2024\/04\/DSC00105-682x1024.jpg 682w, https:\/\/rynek13bistro.pl\/wp-content\/uploads\/2024\/04\/DSC00105-200x300.jpg 200w, https:\/\/rynek13bistro.pl\/wp-content\/uploads\/2024\/04\/DSC00105-768x1154.jpg 768w, https:\/\/rynek13bistro.pl\/wp-content\/uploads\/2024\/04\/DSC00105-1022x1536.jpg 1022w, https:\/\/rynek13bistro.pl\/wp-content\/uploads\/2024\/04\/DSC00105-1363x2048.jpg 1363w, https:\/\/rynek13bistro.pl\/wp-content\/uploads\/2024\/04\/DSC00105.jpg 1537w\" sizes=\"auto, (max-width: 682px) 100vw, 682px\" \/>\t\t\t\t\t\t\t\t\t\t\t\t\t\t\t<\/div>\n\t\t\t\t<\/div>\n\t\t\t\t\t<\/div>\n\t\t<\/div>\n\t\t\t\t<div class=\"elementor-column elementor-col-50 elementor-inner-column elementor-element elementor-element-b74c727\" data-id=\"b74c727\" data-element_type=\"column\">\n\t\t\t<div class=\"elementor-widget-wrap elementor-element-populated\">\n\t\t\t\t\t\t\t\t<div class=\"elementor-element elementor-element-f3e1ab4 elementor-widget elementor-widget-image\" data-id=\"f3e1ab4\" data-element_type=\"widget\" data-widget_type=\"image.default\">\n\t\t\t\t<div class=\"elementor-widget-container\">\n\t\t\t\t\t\t\t\t\t\t\t\t\t\t\t<img loading=\"lazy\" decoding=\"async\" width=\"682\" height=\"1024\" src=\"https:\/\/rynek13bistro.pl\/wp-content\/uploads\/2024\/04\/DSC00038-682x1024.jpg\" class=\"attachment-large size-large wp-image-1523\" alt=\"\" srcset=\"https:\/\/rynek13bistro.pl\/wp-content\/uploads\/2024\/04\/DSC00038-682x1024.jpg 682w, https:\/\/rynek13bistro.pl\/wp-content\/uploads\/2024\/04\/DSC00038-200x300.jpg 200w, https:\/\/rynek13bistro.pl\/wp-content\/uploads\/2024\/04\/DSC00038-768x1154.jpg 768w, https:\/\/rynek13bistro.pl\/wp-content\/uploads\/2024\/04\/DSC00038-1022x1536.jpg 1022w, https:\/\/rynek13bistro.pl\/wp-content\/uploads\/2024\/04\/DSC00038-1363x2048.jpg 1363w, https:\/\/rynek13bistro.pl\/wp-content\/uploads\/2024\/04\/DSC00038.jpg 1537w\" sizes=\"auto, (max-width: 682px) 100vw, 682px\" \/>\t\t\t\t\t\t\t\t\t\t\t\t\t\t\t<\/div>\n\t\t\t\t<\/div>\n\t\t\t\t\t<\/div>\n\t\t<\/div>\n\t\t\t\t\t\t\t<\/div>\n\t\t<\/section>\n\t\t\t\t\t<\/div>\n\t\t<\/div>\n\t\t\t\t<div class=\"elementor-column elementor-col-50 elementor-top-column elementor-element elementor-element-a92637f\" data-id=\"a92637f\" data-element_type=\"column\">\n\t\t\t<div class=\"elementor-widget-wrap elementor-element-populated\">\n\t\t\t\t\t\t\t\t<div class=\"elementor-element elementor-element-ba0e9bc elementor-widget elementor-widget-heading\" data-id=\"ba0e9bc\" data-element_type=\"widget\" data-widget_type=\"heading.default\">\n\t\t\t\t<div class=\"elementor-widget-container\">\n\t\t\t<style>\/*! elementor - v3.15.0 - 20-08-2023 *\/\n.elementor-heading-title{padding:0;margin:0;line-height:1}.elementor-widget-heading .elementor-heading-title[class*=elementor-size-]>a{color:inherit;font-size:inherit;line-height:inherit}.elementor-widget-heading .elementor-heading-title.elementor-size-small{font-size:15px}.elementor-widget-heading .elementor-heading-title.elementor-size-medium{font-size:19px}.elementor-widget-heading .elementor-heading-title.elementor-size-large{font-size:29px}.elementor-widget-heading .elementor-heading-title.elementor-size-xl{font-size:39px}.elementor-widget-heading .elementor-heading-title.elementor-size-xxl{font-size:59px}<\/style><h6 class=\"elementor-heading-title elementor-size-default\">Kim jeste\u015bmy<\/h6>\t\t<\/div>\n\t\t\t\t<\/div>\n\t\t\t\t<div class=\"elementor-element elementor-element-fb3c47d elementor-widget elementor-widget-heading\" data-id=\"fb3c47d\" data-element_type=\"widget\" data-widget_type=\"heading.default\">\n\t\t\t\t<div class=\"elementor-widget-container\">\n\t\t\t<h2 class=\"elementor-heading-title elementor-size-default\">Poznajmy si\u0119 lepiej<\/h2>\t\t<\/div>\n\t\t\t\t<\/div>\n\t\t\t\t<div class=\"elementor-element elementor-element-58fa123 elementor-widget elementor-widget-text-editor\" data-id=\"58fa123\" data-element_type=\"widget\" data-widget_type=\"text-editor.default\">\n\t\t\t\t<div class=\"elementor-widget-container\">\n\t\t\t<style>\/*! elementor - v3.15.0 - 20-08-2023 *\/\n.elementor-widget-text-editor.elementor-drop-cap-view-stacked .elementor-drop-cap{background-color:#69727d;color:#fff}.elementor-widget-text-editor.elementor-drop-cap-view-framed .elementor-drop-cap{color:#69727d;border:3px solid;background-color:transparent}.elementor-widget-text-editor:not(.elementor-drop-cap-view-default) .elementor-drop-cap{margin-top:8px}.elementor-widget-text-editor:not(.elementor-drop-cap-view-default) .elementor-drop-cap-letter{width:1em;height:1em}.elementor-widget-text-editor .elementor-drop-cap{float:left;text-align:center;line-height:1;font-size:50px}.elementor-widget-text-editor .elementor-drop-cap-letter{display:inline-block}<\/style>\t\t\t\t<p>Nasz\u0105 kart\u0119 tworz\u0105 wyj\u0105tkowe dania &nbsp;skomponowane przez szefa kuchni Jacka Knapika.&nbsp;<br><span style=\"color: var(--global-palette4); font-family: var(--global-body-font-family); letter-spacing: 0em;\">Korzystaj\u0105c z najlepszych sk\u0142adnik\u00f3w, tradycji kuchni polskiej oraz bogatego warsztatu kulinarnego prezentujemy Pa\u0144stwu Menu pe\u0142ne smaku.&nbsp;<\/span><\/p>\t\t\t\t\t\t<\/div>\n\t\t\t\t<\/div>\n\t\t\t\t\t<\/div>\n\t\t<\/div>\n\t\t\t\t\t\t\t<\/div>\n\t\t<\/section>\n\t\t\t\t<section class=\"elementor-section elementor-top-section elementor-element elementor-element-ec529ba elementor-section-boxed elementor-section-height-default elementor-section-height-default\" data-id=\"ec529ba\" data-element_type=\"section\">\n\t\t\t\t\t\t<div class=\"elementor-container elementor-column-gap-default\">\n\t\t\t\t\t<div class=\"elementor-column elementor-col-50 elementor-top-column elementor-element elementor-element-b67fc58\" data-id=\"b67fc58\" data-element_type=\"column\">\n\t\t\t<div class=\"elementor-widget-wrap elementor-element-populated\">\n\t\t\t\t\t\t\t\t<div class=\"elementor-element elementor-element-fb66f70 elementor-widget elementor-widget-spacer\" data-id=\"fb66f70\" data-element_type=\"widget\" data-widget_type=\"spacer.default\">\n\t\t\t\t<div class=\"elementor-widget-container\">\n\t\t\t<style>\/*! elementor - v3.15.0 - 20-08-2023 *\/\n.elementor-column .elementor-spacer-inner{height:var(--spacer-size)}.e-con{--container-widget-width:100%}.e-con-inner>.elementor-widget-spacer,.e-con>.elementor-widget-spacer{width:var(--container-widget-width,var(--spacer-size));--align-self:var(--container-widget-align-self,initial);--flex-shrink:0}.e-con-inner>.elementor-widget-spacer>.elementor-widget-container,.e-con-inner>.elementor-widget-spacer>.elementor-widget-container>.elementor-spacer,.e-con>.elementor-widget-spacer>.elementor-widget-container,.e-con>.elementor-widget-spacer>.elementor-widget-container>.elementor-spacer{height:100%}.e-con-inner>.elementor-widget-spacer>.elementor-widget-container>.elementor-spacer>.elementor-spacer-inner,.e-con>.elementor-widget-spacer>.elementor-widget-container>.elementor-spacer>.elementor-spacer-inner{height:var(--container-widget-height,var(--spacer-size))}<\/style>\t\t<div class=\"elementor-spacer\">\n\t\t\t<div class=\"elementor-spacer-inner\"><\/div>\n\t\t<\/div>\n\t\t\t\t<\/div>\n\t\t\t\t<\/div>\n\t\t\t\t<div class=\"elementor-element elementor-element-8a7661a elementor-widget elementor-widget-heading\" data-id=\"8a7661a\" data-element_type=\"widget\" data-widget_type=\"heading.default\">\n\t\t\t\t<div class=\"elementor-widget-container\">\n\t\t\t<h6 class=\"elementor-heading-title elementor-size-default\">Nasza filozofia<\/h6>\t\t<\/div>\n\t\t\t\t<\/div>\n\t\t\t\t<div class=\"elementor-element elementor-element-53edc69 elementor-widget__width-initial elementor-widget-tablet__width-initial elementor-widget-mobile__width-initial elementor-widget elementor-widget-heading\" data-id=\"53edc69\" data-element_type=\"widget\" data-widget_type=\"heading.default\">\n\t\t\t\t<div class=\"elementor-widget-container\">\n\t\t\t<h2 class=\"elementor-heading-title elementor-size-default\">celebrowanie codzienno\u015bci <\/h2>\t\t<\/div>\n\t\t\t\t<\/div>\n\t\t\t\t<section class=\"elementor-section elementor-inner-section elementor-element elementor-element-c13aa01 elementor-section-boxed elementor-section-height-default elementor-section-height-default\" data-id=\"c13aa01\" data-element_type=\"section\">\n\t\t\t\t\t\t<div class=\"elementor-container elementor-column-gap-default\">\n\t\t\t\t\t<div class=\"elementor-column elementor-col-100 elementor-inner-column elementor-element elementor-element-e964648\" data-id=\"e964648\" data-element_type=\"column\">\n\t\t\t<div class=\"elementor-widget-wrap elementor-element-populated\">\n\t\t\t\t\t\t\t\t<div class=\"elementor-element elementor-element-6016cd8 elementor-widget__width-initial elementor-widget-tablet__width-initial elementor-widget-mobile__width-initial elementor-widget elementor-widget-text-editor\" data-id=\"6016cd8\" data-element_type=\"widget\" data-widget_type=\"text-editor.default\">\n\t\t\t\t<div class=\"elementor-widget-container\">\n\t\t\t\t\t\t\t<p>Wyj\u0105tkowy smak naszych da\u0144 sprawdzi si\u0119 zar\u00f3wno\u00a0<span style=\"color: var(--global-palette4); font-family: var(--global-body-font-family); letter-spacing: 0em;\">\u00a0na\u00a0<\/span><span style=\"font-family: var(--global-body-font-family);\"><span style=\"color: var(--global-palette4); letter-spacing: 0em;\">kolacji w blasku \u015bwiec jak i w zwyk\u0142y szary dzie\u0144.\u00a0<br \/><\/span><\/span><span style=\"color: var(--global-palette4); font-family: var(--global-body-font-family); letter-spacing: 0em;\">Pozw\u00f3l sobie na chwil\u0119 zatrzymania. Rozsmakuj si\u0119 w naszych daniach i poznaj sekret s\u0142odkiego nicnierobienia.<\/span><span style=\"color: var(--global-palette4); font-family: var(--global-body-font-family); letter-spacing: 0em;\"><span style=\"color: var(--global-palette4); letter-spacing: 0em;\">\u00a0<\/span><\/span><\/p>\t\t\t\t\t\t<\/div>\n\t\t\t\t<\/div>\n\t\t\t\t\t<\/div>\n\t\t<\/div>\n\t\t\t\t\t\t\t<\/div>\n\t\t<\/section>\n\t\t\t\t\t<\/div>\n\t\t<\/div>\n\t\t\t\t<div class=\"elementor-column elementor-col-50 elementor-top-column elementor-element elementor-element-57f97a0\" data-id=\"57f97a0\" data-element_type=\"column\">\n\t\t\t<div class=\"elementor-widget-wrap elementor-element-populated\">\n\t\t\t\t\t\t\t\t<section class=\"elementor-section elementor-inner-section elementor-element elementor-element-8bd09b0 elementor-section-boxed elementor-section-height-default elementor-section-height-default\" data-id=\"8bd09b0\" data-element_type=\"section\">\n\t\t\t\t\t\t<div class=\"elementor-container elementor-column-gap-default\">\n\t\t\t\t\t<div class=\"elementor-column elementor-col-50 elementor-inner-column elementor-element elementor-element-d7c1478\" data-id=\"d7c1478\" data-element_type=\"column\">\n\t\t\t<div class=\"elementor-widget-wrap elementor-element-populated\">\n\t\t\t\t\t\t\t\t<div class=\"elementor-element elementor-element-bfd3828 elementor-widget__width-initial elementor-widget elementor-widget-image\" data-id=\"bfd3828\" data-element_type=\"widget\" data-widget_type=\"image.default\">\n\t\t\t\t<div class=\"elementor-widget-container\">\n\t\t\t\t\t\t\t\t\t\t\t\t\t\t\t<img loading=\"lazy\" decoding=\"async\" width=\"682\" height=\"1024\" src=\"https:\/\/rynek13bistro.pl\/wp-content\/uploads\/2024\/04\/DSC00164-682x1024.jpg\" class=\"attachment-large size-large wp-image-1616\" alt=\"\" srcset=\"https:\/\/rynek13bistro.pl\/wp-content\/uploads\/2024\/04\/DSC00164-682x1024.jpg 682w, https:\/\/rynek13bistro.pl\/wp-content\/uploads\/2024\/04\/DSC00164-200x300.jpg 200w, https:\/\/rynek13bistro.pl\/wp-content\/uploads\/2024\/04\/DSC00164-768x1154.jpg 768w, https:\/\/rynek13bistro.pl\/wp-content\/uploads\/2024\/04\/DSC00164-1022x1536.jpg 1022w, https:\/\/rynek13bistro.pl\/wp-content\/uploads\/2024\/04\/DSC00164-1363x2048.jpg 1363w, https:\/\/rynek13bistro.pl\/wp-content\/uploads\/2024\/04\/DSC00164.jpg 1537w\" sizes=\"auto, (max-width: 682px) 100vw, 682px\" \/>\t\t\t\t\t\t\t\t\t\t\t\t\t\t\t<\/div>\n\t\t\t\t<\/div>\n\t\t\t\t\t<\/div>\n\t\t<\/div>\n\t\t\t\t<div class=\"elementor-column elementor-col-50 elementor-inner-column elementor-element elementor-element-aa7728d\" data-id=\"aa7728d\" data-element_type=\"column\">\n\t\t\t<div class=\"elementor-widget-wrap elementor-element-populated\">\n\t\t\t\t\t\t\t\t<div class=\"elementor-element elementor-element-47f7bd8 elementor-widget elementor-widget-image\" data-id=\"47f7bd8\" data-element_type=\"widget\" data-widget_type=\"image.default\">\n\t\t\t\t<div class=\"elementor-widget-container\">\n\t\t\t\t\t\t\t\t\t\t\t\t\t\t\t<img loading=\"lazy\" decoding=\"async\" width=\"682\" height=\"1024\" src=\"https:\/\/rynek13bistro.pl\/wp-content\/uploads\/2024\/04\/DSC00219-682x1024.jpg\" class=\"attachment-large size-large wp-image-1544\" alt=\"\" srcset=\"https:\/\/rynek13bistro.pl\/wp-content\/uploads\/2024\/04\/DSC00219-682x1024.jpg 682w, https:\/\/rynek13bistro.pl\/wp-content\/uploads\/2024\/04\/DSC00219-200x300.jpg 200w, https:\/\/rynek13bistro.pl\/wp-content\/uploads\/2024\/04\/DSC00219-768x1154.jpg 768w, https:\/\/rynek13bistro.pl\/wp-content\/uploads\/2024\/04\/DSC00219-1022x1536.jpg 1022w, https:\/\/rynek13bistro.pl\/wp-content\/uploads\/2024\/04\/DSC00219-1363x2048.jpg 1363w, https:\/\/rynek13bistro.pl\/wp-content\/uploads\/2024\/04\/DSC00219.jpg 1537w\" sizes=\"auto, (max-width: 682px) 100vw, 682px\" \/>\t\t\t\t\t\t\t\t\t\t\t\t\t\t\t<\/div>\n\t\t\t\t<\/div>\n\t\t\t\t\t<\/div>\n\t\t<\/div>\n\t\t\t\t\t\t\t<\/div>\n\t\t<\/section>\n\t\t\t\t\t<\/div>\n\t\t<\/div>\n\t\t\t\t\t\t\t<\/div>\n\t\t<\/section>\n\t\t\t\t<section class=\"elementor-section elementor-top-section elementor-element elementor-element-f8c0770 elementor-section-boxed elementor-section-height-default elementor-section-height-default\" data-id=\"f8c0770\" data-element_type=\"section\">\n\t\t\t\t\t\t<div class=\"elementor-container elementor-column-gap-default\">\n\t\t\t\t\t<div class=\"elementor-column elementor-col-66 elementor-top-column elementor-element elementor-element-179b670\" data-id=\"179b670\" data-element_type=\"column\">\n\t\t\t<div class=\"elementor-widget-wrap elementor-element-populated\">\n\t\t\t\t\t\t\t\t<section class=\"elementor-section elementor-inner-section elementor-element elementor-element-158b98e elementor-section-boxed elementor-section-height-default elementor-section-height-default\" data-id=\"158b98e\" data-element_type=\"section\">\n\t\t\t\t\t\t<div class=\"elementor-container elementor-column-gap-default\">\n\t\t\t\t\t<div class=\"elementor-column elementor-col-50 elementor-inner-column elementor-element elementor-element-bce095f\" data-id=\"bce095f\" data-element_type=\"column\">\n\t\t\t<div class=\"elementor-widget-wrap elementor-element-populated\">\n\t\t\t\t\t\t\t\t<div class=\"elementor-element elementor-element-58eb63e elementor-widget__width-initial elementor-widget elementor-widget-image\" data-id=\"58eb63e\" data-element_type=\"widget\" data-widget_type=\"image.default\">\n\t\t\t\t<div class=\"elementor-widget-container\">\n\t\t\t\t\t\t\t\t\t\t\t\t\t\t\t<img loading=\"lazy\" decoding=\"async\" width=\"682\" height=\"1024\" src=\"https:\/\/rynek13bistro.pl\/wp-content\/uploads\/2024\/04\/DSC00250-1-682x1024.jpg\" class=\"attachment-large size-large wp-image-1516\" alt=\"\" srcset=\"https:\/\/rynek13bistro.pl\/wp-content\/uploads\/2024\/04\/DSC00250-1-682x1024.jpg 682w, https:\/\/rynek13bistro.pl\/wp-content\/uploads\/2024\/04\/DSC00250-1-200x300.jpg 200w, https:\/\/rynek13bistro.pl\/wp-content\/uploads\/2024\/04\/DSC00250-1-768x1154.jpg 768w, https:\/\/rynek13bistro.pl\/wp-content\/uploads\/2024\/04\/DSC00250-1-1022x1536.jpg 1022w, https:\/\/rynek13bistro.pl\/wp-content\/uploads\/2024\/04\/DSC00250-1-1363x2048.jpg 1363w, https:\/\/rynek13bistro.pl\/wp-content\/uploads\/2024\/04\/DSC00250-1.jpg 1537w\" sizes=\"auto, (max-width: 682px) 100vw, 682px\" \/>\t\t\t\t\t\t\t\t\t\t\t\t\t\t\t<\/div>\n\t\t\t\t<\/div>\n\t\t\t\t\t<\/div>\n\t\t<\/div>\n\t\t\t\t<div class=\"elementor-column elementor-col-50 elementor-inner-column elementor-element elementor-element-7fdf113\" data-id=\"7fdf113\" data-element_type=\"column\">\n\t\t\t<div class=\"elementor-widget-wrap elementor-element-populated\">\n\t\t\t\t\t\t\t\t<div class=\"elementor-element elementor-element-66260d5 elementor-widget elementor-widget-image\" data-id=\"66260d5\" data-element_type=\"widget\" data-widget_type=\"image.default\">\n\t\t\t\t<div class=\"elementor-widget-container\">\n\t\t\t\t\t\t\t\t\t\t\t\t\t\t\t<img loading=\"lazy\" decoding=\"async\" width=\"682\" height=\"1024\" src=\"https:\/\/rynek13bistro.pl\/wp-content\/uploads\/2024\/04\/DSC00244-682x1024.jpg\" class=\"attachment-large size-large wp-image-1522\" alt=\"\" srcset=\"https:\/\/rynek13bistro.pl\/wp-content\/uploads\/2024\/04\/DSC00244-682x1024.jpg 682w, https:\/\/rynek13bistro.pl\/wp-content\/uploads\/2024\/04\/DSC00244-200x300.jpg 200w, https:\/\/rynek13bistro.pl\/wp-content\/uploads\/2024\/04\/DSC00244-768x1154.jpg 768w, https:\/\/rynek13bistro.pl\/wp-content\/uploads\/2024\/04\/DSC00244-1022x1536.jpg 1022w, https:\/\/rynek13bistro.pl\/wp-content\/uploads\/2024\/04\/DSC00244-1363x2048.jpg 1363w, https:\/\/rynek13bistro.pl\/wp-content\/uploads\/2024\/04\/DSC00244.jpg 1537w\" sizes=\"auto, (max-width: 682px) 100vw, 682px\" \/>\t\t\t\t\t\t\t\t\t\t\t\t\t\t\t<\/div>\n\t\t\t\t<\/div>\n\t\t\t\t\t<\/div>\n\t\t<\/div>\n\t\t\t\t\t\t\t<\/div>\n\t\t<\/section>\n\t\t\t\t\t<\/div>\n\t\t<\/div>\n\t\t\t\t<div class=\"elementor-column elementor-col-33 elementor-top-column elementor-element elementor-element-08062fc\" data-id=\"08062fc\" data-element_type=\"column\">\n\t\t\t<div class=\"elementor-widget-wrap elementor-element-populated\">\n\t\t\t\t\t\t\t\t<div class=\"elementor-element elementor-element-b89e629 elementor-widget elementor-widget-heading\" data-id=\"b89e629\" data-element_type=\"widget\" data-widget_type=\"heading.default\">\n\t\t\t\t<div class=\"elementor-widget-container\">\n\t\t\t<h6 class=\"elementor-heading-title elementor-size-default\">Przyj\u0119cia<\/h6>\t\t<\/div>\n\t\t\t\t<\/div>\n\t\t\t\t<div class=\"elementor-element elementor-element-55d5a81 elementor-widget elementor-widget-heading\" data-id=\"55d5a81\" data-element_type=\"widget\" data-widget_type=\"heading.default\">\n\t\t\t\t<div class=\"elementor-widget-container\">\n\t\t\t<h2 class=\"elementor-heading-title elementor-size-default\">Magiczna oprawa pi\u0119knych chwil<\/h2>\t\t<\/div>\n\t\t\t\t<\/div>\n\t\t\t\t<div class=\"elementor-element elementor-element-9259ab5 elementor-widget elementor-widget-text-editor\" data-id=\"9259ab5\" data-element_type=\"widget\" data-widget_type=\"text-editor.default\">\n\t\t\t\t<div class=\"elementor-widget-container\">\n\t\t\t\t\t\t\t<p>Nasza restauracja jest idealnym miejscem do \u015bwi\u0119towania wyj\u0105tkowych okazji. <span style=\"color: var(--global-palette4); font-family: var(--global-body-font-family); letter-spacing: 0em;\">Rocznica \u015blubu, urodziny, chrzest.<br \/>Organizujemy przyj\u0119cia okoliczno\u015bciowe do 25 os\u00f3b.<br \/><\/span><span style=\"color: var(--global-palette4); font-family: var(--global-body-font-family); letter-spacing: 0em;\">Specjalne dla Ciebie mo\u017cemy stworzy\u0107 dedykowane menu okoliczno\u015bciowe.<\/span><span style=\"color: var(--global-palette4); font-family: var(--global-body-font-family); letter-spacing: 0em;\">\u00a0<br \/><\/span><span style=\"color: var(--global-palette4); font-family: var(--global-body-font-family); letter-spacing: 0em;\">Zapraszamy do kontaktu!<\/span><span style=\"color: var(--global-palette4); font-family: var(--global-body-font-family); letter-spacing: 0em;\">\u00a0<br \/><\/span>Tel. (+48) 789 575 552<\/p>\t\t\t\t\t\t<\/div>\n\t\t\t\t<\/div>\n\t\t\t\t\t<\/div>\n\t\t<\/div>\n\t\t\t\t\t\t\t<\/div>\n\t\t<\/section>\n\t\t\t\t<section class=\"elementor-section elementor-top-section elementor-element elementor-element-a2fee3f elementor-section-boxed elementor-section-height-default elementor-section-height-default\" data-id=\"a2fee3f\" data-element_type=\"section\">\n\t\t\t\t\t\t<div class=\"elementor-container elementor-column-gap-default\">\n\t\t\t\t\t<div class=\"elementor-column elementor-col-100 elementor-top-column elementor-element elementor-element-35a9707\" data-id=\"35a9707\" data-element_type=\"column\">\n\t\t\t<div class=\"elementor-widget-wrap\">\n\t\t\t\t\t\t\t\t\t<\/div>\n\t\t<\/div>\n\t\t\t\t\t\t\t<\/div>\n\t\t<\/section>\n\t\t\t\t\t\t\t<\/div>\n\t\t","protected":false},"excerpt":{"rendered":"<p>Kim jeste\u015bmy Poznajmy si\u0119 lepiej Nasz\u0105 kart\u0119 tworz\u0105 wyj\u0105tkowe dania &nbsp;skomponowane przez szefa kuchni Jacka Knapika.&nbsp;Korzystaj\u0105c z najlepszych sk\u0142adnik\u00f3w, tradycji kuchni polskiej oraz bogatego warsztatu kulinarnego prezentujemy Pa\u0144stwu Menu pe\u0142ne smaku.&nbsp; Nasza filozofia celebrowanie codzienno\u015bci Wyj\u0105tkowy smak naszych da\u0144 sprawdzi si\u0119 zar\u00f3wno\u00a0\u00a0na\u00a0kolacji w blasku \u015bwiec jak i w zwyk\u0142y szary dzie\u0144.\u00a0Pozw\u00f3l sobie na chwil\u0119 zatrzymania&#8230;.<\/p>\n","protected":false},"author":1,"featured_media":0,"parent":0,"menu_order":0,"comment_status":"closed","ping_status":"closed","template":"","meta":{"_monsterinsights_skip_tracking":false,"_monsterinsights_sitenote_active":false,"_monsterinsights_sitenote_note":"","_monsterinsights_sitenote_category":0,"_kad_post_transparent":"","_kad_post_title":"default","_kad_post_layout":"fullwidth","_kad_post_sidebar_id":"","_kad_post_content_style":"unboxed","_kad_post_vertical_padding":"hide","_kad_post_feature":"hide","_kad_post_feature_position":"","_kad_post_header":false,"_kad_post_footer":false,"footnotes":""},"class_list":["post-907","page","type-page","status-publish","hentry"],"aioseo_notices":[],"_links":{"self":[{"href":"https:\/\/rynek13bistro.pl\/index.php?rest_route=\/wp\/v2\/pages\/907","targetHints":{"allow":["GET"]}}],"collection":[{"href":"https:\/\/rynek13bistro.pl\/index.php?rest_route=\/wp\/v2\/pages"}],"about":[{"href":"https:\/\/rynek13bistro.pl\/index.php?rest_route=\/wp\/v2\/types\/page"}],"author":[{"embeddable":true,"href":"https:\/\/rynek13bistro.pl\/index.php?rest_route=\/wp\/v2\/users\/1"}],"replies":[{"embeddable":true,"href":"https:\/\/rynek13bistro.pl\/index.php?rest_route=%2Fwp%2Fv2%2Fcomments&post=907"}],"version-history":[{"count":236,"href":"https:\/\/rynek13bistro.pl\/index.php?rest_route=\/wp\/v2\/pages\/907\/revisions"}],"predecessor-version":[{"id":1634,"href":"https:\/\/rynek13bistro.pl\/index.php?rest_route=\/wp\/v2\/pages\/907\/revisions\/1634"}],"wp:attachment":[{"href":"https:\/\/rynek13bistro.pl\/index.php?rest_route=%2Fwp%2Fv2%2Fmedia&parent=907"}],"curies":[{"name":"wp","href":"https:\/\/api.w.org\/{rel}","templated":true}]}}