{"id":914,"date":"2020-12-09T09:54:48","date_gmt":"2020-12-09T09:54:48","guid":{"rendered":"https:\/\/startertemplatecloud.com\/e08\/?page_id=16"},"modified":"2025-02-20T10:52:39","modified_gmt":"2025-02-20T09:52:39","slug":"home-2","status":"publish","type":"page","link":"https:\/\/rynek13bistro.pl\/","title":{"rendered":"Home"},"content":{"rendered":"\t\t<div data-elementor-type=\"wp-page\" data-elementor-id=\"914\" class=\"elementor elementor-914\">\n\t\t\t\t\t\t\t\t\t<section class=\"elementor-section elementor-top-section elementor-element elementor-element-a159948 elementor-section-height-min-height elementor-section-boxed elementor-section-height-default elementor-section-items-middle\" data-id=\"a159948\" data-element_type=\"section\" data-settings=\"{&quot;background_background&quot;:&quot;classic&quot;}\">\n\t\t\t\t\t\t\t<div class=\"elementor-background-overlay\"><\/div>\n\t\t\t\t\t\t\t<div class=\"elementor-container elementor-column-gap-default\">\n\t\t\t\t\t<div class=\"elementor-column elementor-col-100 elementor-top-column elementor-element elementor-element-1a0077a\" data-id=\"1a0077a\" data-element_type=\"column\">\n\t\t\t<div class=\"elementor-widget-wrap elementor-element-populated\">\n\t\t\t\t\t\t\t\t<div class=\"elementor-element elementor-element-2cbf886 elementor-widget elementor-widget-heading\" data-id=\"2cbf886\" data-element_type=\"widget\" data-widget_type=\"heading.default\">\n\t\t\t\t<div class=\"elementor-widget-container\">\n\t\t\t<style>\/*! elementor - v3.15.0 - 20-08-2023 *\/\n.elementor-heading-title{padding:0;margin:0;line-height:1}.elementor-widget-heading .elementor-heading-title[class*=elementor-size-]>a{color:inherit;font-size:inherit;line-height:inherit}.elementor-widget-heading .elementor-heading-title.elementor-size-small{font-size:15px}.elementor-widget-heading .elementor-heading-title.elementor-size-medium{font-size:19px}.elementor-widget-heading .elementor-heading-title.elementor-size-large{font-size:29px}.elementor-widget-heading .elementor-heading-title.elementor-size-xl{font-size:39px}.elementor-widget-heading .elementor-heading-title.elementor-size-xxl{font-size:59px}<\/style><h6 class=\"elementor-heading-title elementor-size-default\">Witamy!<\/h6>\t\t<\/div>\n\t\t\t\t<\/div>\n\t\t\t\t<div class=\"elementor-element elementor-element-168e00f elementor-widget__width-initial elementor-widget elementor-widget-heading\" data-id=\"168e00f\" data-element_type=\"widget\" data-widget_type=\"heading.default\">\n\t\t\t\t<div class=\"elementor-widget-container\">\n\t\t\t<h1 class=\"elementor-heading-title elementor-size-xl\">Rynek 13 <br>Bistro Polskie<\/h1>\t\t<\/div>\n\t\t\t\t<\/div>\n\t\t\t\t<div class=\"elementor-element elementor-element-8b3777d elementor-align-center elementor-widget elementor-widget-button\" data-id=\"8b3777d\" data-element_type=\"widget\" data-widget_type=\"button.default\">\n\t\t\t\t<div class=\"elementor-widget-container\">\n\t\t\t\t\t<div class=\"elementor-button-wrapper\">\n\t\t\t<a class=\"elementor-button elementor-button-link elementor-size-sm\" href=\"https:\/\/rynek13bistro.pl\/?page_id=1221\">\n\t\t\t\t\t\t<span class=\"elementor-button-content-wrapper\">\n\t\t\t\t\t\t<span class=\"elementor-button-text\">Nasze menu<\/span>\n\t\t<\/span>\n\t\t\t\t\t<\/a>\n\t\t<\/div>\n\t\t\t\t<\/div>\n\t\t\t\t<\/div>\n\t\t\t\t\t<\/div>\n\t\t<\/div>\n\t\t\t\t\t\t\t<\/div>\n\t\t<\/section>\n\t\t\t\t<section class=\"elementor-section elementor-top-section elementor-element elementor-element-2a5ccd0 elementor-section-content-middle elementor-section-boxed elementor-section-height-default elementor-section-height-default\" data-id=\"2a5ccd0\" data-element_type=\"section\">\n\t\t\t\t\t\t\t<div class=\"elementor-background-overlay\"><\/div>\n\t\t\t\t\t\t\t<div class=\"elementor-container elementor-column-gap-default\">\n\t\t\t\t\t<div class=\"elementor-column elementor-col-50 elementor-top-column elementor-element elementor-element-b637f85\" data-id=\"b637f85\" data-element_type=\"column\">\n\t\t\t<div class=\"elementor-widget-wrap elementor-element-populated\">\n\t\t\t\t\t\t\t\t<div class=\"elementor-element elementor-element-de3d67a elementor-widget elementor-widget-heading\" data-id=\"de3d67a\" data-element_type=\"widget\" data-widget_type=\"heading.default\">\n\t\t\t\t<div class=\"elementor-widget-container\">\n\t\t\t<h6 class=\"elementor-heading-title elementor-size-default\">Kulinarna<\/h6>\t\t<\/div>\n\t\t\t\t<\/div>\n\t\t\t\t<div class=\"elementor-element elementor-element-7e0c29e elementor-widget elementor-widget-heading\" data-id=\"7e0c29e\" data-element_type=\"widget\" data-widget_type=\"heading.default\">\n\t\t\t\t<div class=\"elementor-widget-container\">\n\t\t\t<h2 class=\"elementor-heading-title elementor-size-default\">Uczta<\/h2>\t\t<\/div>\n\t\t\t\t<\/div>\n\t\t\t\t<div class=\"elementor-element elementor-element-a1973af elementor-widget elementor-widget-text-editor\" data-id=\"a1973af\" data-element_type=\"widget\" data-widget_type=\"text-editor.default\">\n\t\t\t\t<div class=\"elementor-widget-container\">\n\t\t\t<style>\/*! elementor - v3.15.0 - 20-08-2023 *\/\n.elementor-widget-text-editor.elementor-drop-cap-view-stacked .elementor-drop-cap{background-color:#69727d;color:#fff}.elementor-widget-text-editor.elementor-drop-cap-view-framed .elementor-drop-cap{color:#69727d;border:3px solid;background-color:transparent}.elementor-widget-text-editor:not(.elementor-drop-cap-view-default) .elementor-drop-cap{margin-top:8px}.elementor-widget-text-editor:not(.elementor-drop-cap-view-default) .elementor-drop-cap-letter{width:1em;height:1em}.elementor-widget-text-editor .elementor-drop-cap{float:left;text-align:center;line-height:1;font-size:50px}.elementor-widget-text-editor .elementor-drop-cap-letter{display:inline-block}<\/style>\t\t\t\t<p>Sprawd\u017a nasz\u0105 wyj\u0105tkow\u0105 kart\u0119 da\u0144.<br \/>Po\u0142\u0105czyli\u015bmy sezonowe sk\u0142adniki z tradycj\u0105 kuchni polskiej tak aby mogli cieszy\u0107 si\u0119 Pa\u0144stwo jej niezwyk\u0142ym smakiem.\u00a0<\/p>\t\t\t\t\t\t<\/div>\n\t\t\t\t<\/div>\n\t\t\t\t<div class=\"elementor-element elementor-element-edfcfd4 elementor-tablet-align-center elementor-widget elementor-widget-button\" data-id=\"edfcfd4\" data-element_type=\"widget\" data-widget_type=\"button.default\">\n\t\t\t\t<div class=\"elementor-widget-container\">\n\t\t\t\t\t<div class=\"elementor-button-wrapper\">\n\t\t\t<a class=\"elementor-button elementor-button-link elementor-size-sm\" href=\"https:\/\/rynek13bistro.pl\/menu\/\">\n\t\t\t\t\t\t<span class=\"elementor-button-content-wrapper\">\n\t\t\t\t\t\t<span class=\"elementor-button-text\">Menu<\/span>\n\t\t<\/span>\n\t\t\t\t\t<\/a>\n\t\t<\/div>\n\t\t\t\t<\/div>\n\t\t\t\t<\/div>\n\t\t\t\t\t<\/div>\n\t\t<\/div>\n\t\t\t\t<div class=\"elementor-column elementor-col-50 elementor-top-column elementor-element elementor-element-84252cd\" data-id=\"84252cd\" data-element_type=\"column\">\n\t\t\t<div class=\"elementor-widget-wrap elementor-element-populated\">\n\t\t\t\t\t\t\t\t<section class=\"elementor-section elementor-inner-section elementor-element elementor-element-08c09e7 elementor-section-boxed elementor-section-height-default elementor-section-height-default\" data-id=\"08c09e7\" data-element_type=\"section\">\n\t\t\t\t\t\t<div class=\"elementor-container elementor-column-gap-default\">\n\t\t\t\t\t<div class=\"elementor-column elementor-col-50 elementor-inner-column elementor-element elementor-element-025ba75\" data-id=\"025ba75\" data-element_type=\"column\">\n\t\t\t<div class=\"elementor-widget-wrap elementor-element-populated\">\n\t\t\t\t\t\t\t\t<div class=\"elementor-element elementor-element-6b5946d elementor-widget elementor-widget-image\" data-id=\"6b5946d\" data-element_type=\"widget\" data-widget_type=\"image.default\">\n\t\t\t\t<div class=\"elementor-widget-container\">\n\t\t\t<style>\/*! elementor - v3.15.0 - 20-08-2023 *\/\n.elementor-widget-image{text-align:center}.elementor-widget-image a{display:inline-block}.elementor-widget-image a img[src$=\".svg\"]{width:48px}.elementor-widget-image img{vertical-align:middle;display:inline-block}<\/style>\t\t\t\t\t\t\t\t\t\t\t\t<img loading=\"lazy\" decoding=\"async\" width=\"768\" height=\"1154\" src=\"https:\/\/rynek13bistro.pl\/wp-content\/uploads\/2024\/04\/DSC00178-768x1154.jpg\" class=\"attachment-medium_large size-medium_large wp-image-1506\" alt=\"\" srcset=\"https:\/\/rynek13bistro.pl\/wp-content\/uploads\/2024\/04\/DSC00178-768x1154.jpg 768w, https:\/\/rynek13bistro.pl\/wp-content\/uploads\/2024\/04\/DSC00178-200x300.jpg 200w, https:\/\/rynek13bistro.pl\/wp-content\/uploads\/2024\/04\/DSC00178-682x1024.jpg 682w, https:\/\/rynek13bistro.pl\/wp-content\/uploads\/2024\/04\/DSC00178-1022x1536.jpg 1022w, https:\/\/rynek13bistro.pl\/wp-content\/uploads\/2024\/04\/DSC00178-1363x2048.jpg 1363w, https:\/\/rynek13bistro.pl\/wp-content\/uploads\/2024\/04\/DSC00178.jpg 1537w\" sizes=\"auto, (max-width: 768px) 100vw, 768px\" \/>\t\t\t\t\t\t\t\t\t\t\t\t\t\t\t<\/div>\n\t\t\t\t<\/div>\n\t\t\t\t\t<\/div>\n\t\t<\/div>\n\t\t\t\t<div class=\"elementor-column elementor-col-50 elementor-inner-column elementor-element elementor-element-02bf2c1\" data-id=\"02bf2c1\" data-element_type=\"column\">\n\t\t\t<div class=\"elementor-widget-wrap elementor-element-populated\">\n\t\t\t\t\t\t\t\t<div class=\"elementor-element elementor-element-5198ac5 elementor-widget elementor-widget-image\" data-id=\"5198ac5\" data-element_type=\"widget\" data-widget_type=\"image.default\">\n\t\t\t\t<div class=\"elementor-widget-container\">\n\t\t\t\t\t\t\t\t\t\t\t\t\t\t\t<img loading=\"lazy\" decoding=\"async\" width=\"768\" height=\"1154\" src=\"https:\/\/rynek13bistro.pl\/wp-content\/uploads\/2024\/04\/DSC00168-768x1154.jpg\" class=\"attachment-medium_large size-medium_large wp-image-1508\" alt=\"\" srcset=\"https:\/\/rynek13bistro.pl\/wp-content\/uploads\/2024\/04\/DSC00168-768x1154.jpg 768w, https:\/\/rynek13bistro.pl\/wp-content\/uploads\/2024\/04\/DSC00168-200x300.jpg 200w, https:\/\/rynek13bistro.pl\/wp-content\/uploads\/2024\/04\/DSC00168-682x1024.jpg 682w, https:\/\/rynek13bistro.pl\/wp-content\/uploads\/2024\/04\/DSC00168-1022x1536.jpg 1022w, https:\/\/rynek13bistro.pl\/wp-content\/uploads\/2024\/04\/DSC00168-1363x2048.jpg 1363w, https:\/\/rynek13bistro.pl\/wp-content\/uploads\/2024\/04\/DSC00168.jpg 1537w\" sizes=\"auto, (max-width: 768px) 100vw, 768px\" \/>\t\t\t\t\t\t\t\t\t\t\t\t\t\t\t<\/div>\n\t\t\t\t<\/div>\n\t\t\t\t\t<\/div>\n\t\t<\/div>\n\t\t\t\t\t\t\t<\/div>\n\t\t<\/section>\n\t\t\t\t\t<\/div>\n\t\t<\/div>\n\t\t\t\t\t\t\t<\/div>\n\t\t<\/section>\n\t\t\t\t<section class=\"elementor-section elementor-top-section elementor-element elementor-element-7ccaf26 elementor-section-boxed elementor-section-height-default elementor-section-height-default\" data-id=\"7ccaf26\" data-element_type=\"section\">\n\t\t\t\t\t\t<div class=\"elementor-container elementor-column-gap-default\">\n\t\t\t\t\t<div class=\"elementor-column elementor-col-100 elementor-top-column elementor-element elementor-element-aaf1ab3\" data-id=\"aaf1ab3\" data-element_type=\"column\">\n\t\t\t<div class=\"elementor-widget-wrap elementor-element-populated\">\n\t\t\t\t\t\t\t\t<section class=\"elementor-section elementor-inner-section elementor-element elementor-element-64fce58 elementor-section-boxed elementor-section-height-default elementor-section-height-default\" data-id=\"64fce58\" data-element_type=\"section\">\n\t\t\t\t\t\t<div class=\"elementor-container elementor-column-gap-default\">\n\t\t\t\t\t<div class=\"elementor-column elementor-col-50 elementor-inner-column elementor-element elementor-element-d2c7a17\" data-id=\"d2c7a17\" data-element_type=\"column\">\n\t\t\t<div class=\"elementor-widget-wrap elementor-element-populated\">\n\t\t\t\t\t\t\t\t<div class=\"elementor-element elementor-element-cc32f0f elementor-widget elementor-widget-heading\" data-id=\"cc32f0f\" data-element_type=\"widget\" data-widget_type=\"heading.default\">\n\t\t\t\t<div class=\"elementor-widget-container\">\n\t\t\t<h6 class=\"elementor-heading-title elementor-size-default\">skontaktuj si\u0119 z nami<\/h6>\t\t<\/div>\n\t\t\t\t<\/div>\n\t\t\t\t<div class=\"elementor-element elementor-element-4a8d26a elementor-widget elementor-widget-heading\" data-id=\"4a8d26a\" data-element_type=\"widget\" data-widget_type=\"heading.default\">\n\t\t\t\t<div class=\"elementor-widget-container\">\n\t\t\t<h2 class=\"elementor-heading-title elementor-size-default\">zapraszamy do sk\u0142adania rezerwacji<\/h2>\t\t<\/div>\n\t\t\t\t<\/div>\n\t\t\t\t<div class=\"elementor-element elementor-element-f57c22e elementor-widget elementor-widget-text-editor\" data-id=\"f57c22e\" data-element_type=\"widget\" data-widget_type=\"text-editor.default\">\n\t\t\t\t<div class=\"elementor-widget-container\">\n\t\t\t\t\t\t\t<p>Rezerwacje przyjmujemy pod numerem telefonu\u00a0<br \/><span style=\"color: #b59f6b; font-family: var(--global-body-font-family); letter-spacing: 0em;\"><strong>+48 789 575 552<br \/><\/strong><\/span><\/p><div style=\"box-sizing: inherit;\"><div style=\"box-sizing: inherit; caret-color: #f6f6f6; color: #f6f6f6;\" data-section=\"sidebar-widgets-footer4\"><div style=\"box-sizing: inherit;\">\u00a0<\/div><\/div><\/div>\t\t\t\t\t\t<\/div>\n\t\t\t\t<\/div>\n\t\t\t\t\t<\/div>\n\t\t<\/div>\n\t\t\t\t<div class=\"elementor-column elementor-col-50 elementor-inner-column elementor-element elementor-element-c913b2e\" data-id=\"c913b2e\" data-element_type=\"column\" data-settings=\"{&quot;background_background&quot;:&quot;classic&quot;}\">\n\t\t\t<div class=\"elementor-widget-wrap elementor-element-populated\">\n\t\t\t\t\t\t\t\t<div class=\"elementor-element elementor-element-f65bfa7 elementor-widget elementor-widget-heading\" data-id=\"f65bfa7\" data-element_type=\"widget\" data-widget_type=\"heading.default\">\n\t\t\t\t<div class=\"elementor-widget-container\">\n\t\t\t<h2 class=\"elementor-heading-title elementor-size-default\">Tu nas znajdziesz<\/h2>\t\t<\/div>\n\t\t\t\t<\/div>\n\t\t\t\t<div class=\"elementor-element elementor-element-e2cae98 elementor-widget elementor-widget-heading\" data-id=\"e2cae98\" data-element_type=\"widget\" data-widget_type=\"heading.default\">\n\t\t\t\t<div class=\"elementor-widget-container\">\n\t\t\t<h6 class=\"elementor-heading-title elementor-size-default\">wodzis\u0142aw \u015bl\u0105ski<br>Rynek 13<\/h6>\t\t<\/div>\n\t\t\t\t<\/div>\n\t\t\t\t<div class=\"elementor-element elementor-element-bc34b92 elementor-align-center elementor-list-item-link-full_width elementor-widget elementor-widget-icon-list\" data-id=\"bc34b92\" data-element_type=\"widget\" data-widget_type=\"icon-list.default\">\n\t\t\t\t<div class=\"elementor-widget-container\">\n\t\t\t<link rel=\"stylesheet\" href=\"https:\/\/rynek13bistro.pl\/wp-content\/plugins\/elementor\/assets\/css\/widget-icon-list.min.css\">\t\t<ul class=\"elementor-icon-list-items\">\n\t\t\t\t\t\t\t<li class=\"elementor-icon-list-item\">\n\t\t\t\t\t\t\t\t\t\t<span class=\"elementor-icon-list-text\"><br><span style=\"caret-color: rgb(246, 246, 246); color: rgb(246, 246, 246); text-align: left; white-space: normal;\">Jeste\u015bmy dla Pa\u0144stwa otwarci w godzinach:<\/span><br><span style=\"caret-color: rgb(246, 246, 246); color: rgb(246, 246, 246); text-align: left; white-space: normal;\">Wtorek-Niedziela 12:00-21:00<\/span><\/span>\n\t\t\t\t\t\t\t\t\t<\/li>\n\t\t\t\t\t\t\t\t<li class=\"elementor-icon-list-item\">\n\t\t\t\t\t\t\t\t\t\t<span class=\"elementor-icon-list-text\"><\/span>\n\t\t\t\t\t\t\t\t\t<\/li>\n\t\t\t\t\t\t<\/ul>\n\t\t\t\t<\/div>\n\t\t\t\t<\/div>\n\t\t\t\t\t<\/div>\n\t\t<\/div>\n\t\t\t\t\t\t\t<\/div>\n\t\t<\/section>\n\t\t\t\t\t<\/div>\n\t\t<\/div>\n\t\t\t\t\t\t\t<\/div>\n\t\t<\/section>\n\t\t\t\t<section class=\"elementor-section elementor-top-section elementor-element elementor-element-a252979 elementor-section-boxed elementor-section-height-default elementor-section-height-default\" data-id=\"a252979\" data-element_type=\"section\">\n\t\t\t\t\t\t<div class=\"elementor-container elementor-column-gap-default\">\n\t\t\t\t\t<div class=\"elementor-column elementor-col-100 elementor-top-column elementor-element elementor-element-1988280\" data-id=\"1988280\" data-element_type=\"column\">\n\t\t\t<div class=\"elementor-widget-wrap elementor-element-populated\">\n\t\t\t\t\t\t\t\t<div class=\"elementor-element elementor-element-a42b3a0 elementor-widget elementor-widget-google_maps\" data-id=\"a42b3a0\" data-element_type=\"widget\" data-widget_type=\"google_maps.default\">\n\t\t\t\t<div class=\"elementor-widget-container\">\n\t\t\t<style>\/*! elementor - v3.15.0 - 20-08-2023 *\/\n.elementor-widget-google_maps .elementor-widget-container{overflow:hidden}.elementor-widget-google_maps .elementor-custom-embed{line-height:0}.elementor-widget-google_maps iframe{height:300px}<\/style>\t\t<div class=\"elementor-custom-embed\">\n\t\t\t<iframe loading=\"lazy\"\n\t\t\t\t\tsrc=\"https:\/\/maps.google.com\/maps?q=rynek%2013%2C44-300&#038;t=m&#038;z=10&#038;output=embed&#038;iwloc=near\"\n\t\t\t\t\ttitle=\"rynek 13,44-300\"\n\t\t\t\t\taria-label=\"rynek 13,44-300\"\n\t\t\t><\/iframe>\n\t\t<\/div>\n\t\t\t\t<\/div>\n\t\t\t\t<\/div>\n\t\t\t\t\t<\/div>\n\t\t<\/div>\n\t\t\t\t\t\t\t<\/div>\n\t\t<\/section>\n\t\t\t\t<section class=\"elementor-section elementor-top-section elementor-element elementor-element-4548ed40 elementor-section-boxed elementor-section-height-default elementor-section-height-default\" data-id=\"4548ed40\" data-element_type=\"section\">\n\t\t\t\t\t\t<div class=\"elementor-container elementor-column-gap-default\">\n\t\t\t\t\t<div class=\"elementor-column elementor-col-100 elementor-top-column elementor-element elementor-element-67d08cc1\" data-id=\"67d08cc1\" data-element_type=\"column\">\n\t\t\t<div class=\"elementor-widget-wrap\">\n\t\t\t\t\t\t\t\t\t<\/div>\n\t\t<\/div>\n\t\t\t\t\t\t\t<\/div>\n\t\t<\/section>\n\t\t\t\t\t\t\t<\/div>\n\t\t","protected":false},"excerpt":{"rendered":"<p>Witamy! Rynek 13 Bistro Polskie Nasze menu Kulinarna Uczta Sprawd\u017a nasz\u0105 wyj\u0105tkow\u0105 kart\u0119 da\u0144.Po\u0142\u0105czyli\u015bmy sezonowe sk\u0142adniki z tradycj\u0105 kuchni polskiej tak aby mogli cieszy\u0107 si\u0119 Pa\u0144stwo jej niezwyk\u0142ym smakiem.\u00a0 Menu skontaktuj si\u0119 z nami zapraszamy do sk\u0142adania rezerwacji Rezerwacje przyjmujemy pod numerem telefonu\u00a0+48 789 575 552 \u00a0 Tu nas znajdziesz wodzis\u0142aw \u015bl\u0105skiRynek 13 Jeste\u015bmy dla&#8230;<\/p>\n","protected":false},"author":1,"featured_media":0,"parent":0,"menu_order":0,"comment_status":"closed","ping_status":"closed","template":"","meta":{"_monsterinsights_skip_tracking":false,"_monsterinsights_sitenote_active":false,"_monsterinsights_sitenote_note":"","_monsterinsights_sitenote_category":0,"_kad_post_transparent":"enable","_kad_post_title":"hide","_kad_post_layout":"fullwidth","_kad_post_sidebar_id":"","_kad_post_content_style":"unboxed","_kad_post_vertical_padding":"hide","_kad_post_feature":"hide","_kad_post_feature_position":"","_kad_post_header":false,"_kad_post_footer":false,"footnotes":""},"class_list":["post-914","page","type-page","status-publish","hentry"],"aioseo_notices":[],"_links":{"self":[{"href":"https:\/\/rynek13bistro.pl\/index.php?rest_route=\/wp\/v2\/pages\/914","targetHints":{"allow":["GET"]}}],"collection":[{"href":"https:\/\/rynek13bistro.pl\/index.php?rest_route=\/wp\/v2\/pages"}],"about":[{"href":"https:\/\/rynek13bistro.pl\/index.php?rest_route=\/wp\/v2\/types\/page"}],"author":[{"embeddable":true,"href":"https:\/\/rynek13bistro.pl\/index.php?rest_route=\/wp\/v2\/users\/1"}],"replies":[{"embeddable":true,"href":"https:\/\/rynek13bistro.pl\/index.php?rest_route=%2Fwp%2Fv2%2Fcomments&post=914"}],"version-history":[{"count":149,"href":"https:\/\/rynek13bistro.pl\/index.php?rest_route=\/wp\/v2\/pages\/914\/revisions"}],"predecessor-version":[{"id":1684,"href":"https:\/\/rynek13bistro.pl\/index.php?rest_route=\/wp\/v2\/pages\/914\/revisions\/1684"}],"wp:attachment":[{"href":"https:\/\/rynek13bistro.pl\/index.php?rest_route=%2Fwp%2Fv2%2Fmedia&parent=914"}],"curies":[{"name":"wp","href":"https:\/\/api.w.org\/{rel}","templated":true}]}}